{"id":4398,"date":"2019-09-25T11:42:39","date_gmt":"2019-09-25T09:42:39","guid":{"rendered":"https:\/\/www.gevacril.com\/bars-xt-acrylic\/"},"modified":"2019-09-30T11:37:02","modified_gmt":"2019-09-30T09:37:02","slug":"vierkantstaebe-xt","status":"publish","type":"page","link":"https:\/\/www.gevacril.com\/de\/vierkantstaebe-xt\/","title":{"rendered":"Bars-XT Acrylic"},"content":{"rendered":"<p>[vc_row gap=&#8220;20&#8243; equal_height=&#8220;yes&#8220; css_animation=&#8220;fadeIn&#8220; type=&#8220;vc_default&#8220; css=&#8220;.vc_custom_1567069497658{padding-top: 10px !important;padding-right: 25px !important;padding-bottom: 50px !important;padding-left: 25px !important;}&#8220;][vc_column css_animation=&#8220;fadeInDown&#8220; css=&#8220;.vc_custom_1566985846415{padding-top: 0px !important;padding-right: 0px !important;padding-bottom: 0px !important;padding-left: 0px !important;}&#8220;]<div id=\"ultimate-heading-735869e8b87056572\" class=\"uvc-heading ult-adjust-bottom-margin ultimate-heading-735869e8b87056572 uvc-4686 accent-border-color\" data-hspacer=\"line_only\"  data-halign=\"left\" style=\"text-align:left\"><div class=\"uvc-main-heading ult-responsive\"  data-ultimate-target='.uvc-heading.ultimate-heading-735869e8b87056572 h2'  data-responsive-json-new='{\"font-size\":\"desktop:20px;\",\"line-height\":\"desktop:24px;\"}' ><h2 style=\"--font-weight:theme;\">Extrudierte Vierkantst\u00e4be<\/h2><\/div><div class=\"uvc-heading-spacer line_only\" style=\"margin-bottom:20px;height:1px;\"><span class=\"uvc-headings-line\" style=\"border-style:solid;border-bottom-width:1px;border-color:#ccc;width:autopx;\"><\/span><\/div><div class=\"uvc-sub-heading ult-responsive\"  data-ultimate-target='.uvc-heading.ultimate-heading-735869e8b87056572 .uvc-sub-heading '  data-responsive-json-new='{\"font-size\":\"desktop:14px;\",\"line-height\":\"desktop:20px;\"}'  style=\"font-weight:normal;margin-bottom:10px;\">Weil wir die gr\u00f6\u00dfte Produktpalette auf dem Gebiet der Kunststoffe besitzen, haben wir auch eine Vielzahl von Gegossenen und Extrudierten Acrylglas-Vierkantst\u00e4ben am Lager. Unter der Verwendung neuster Technik und den besten Rohstoffen und GEVACRILs 35-j\u00e4hriger Erfahrung auf dem Gebiet der Kunststoffherstellung ist es uns gelungen, uns vom europ\u00e4ischen Markt abzuheben.<br \/>\nGevacril bietet Ihnen ein hochwertiges Produkt zu einem konkurrenzf\u00e4higen Preis.<\/div><\/div>[\/vc_column][vc_column css=&#8220;.vc_custom_1567070869333{margin-left: -25px !important;}&#8220;][vc_single_image source=&#8220;external_link&#8220; external_img_size=&#8220;600&#215;600&#8243; css_animation=&#8220;none&#8220; custom_src=&#8220;https:\/\/www.gevacril.com\/docs\/en\/jpg\/pr_xbq_en.jpg&#8220;]<div class=\"uavc-list-icon uavc-list-icon-wrapper ult-adjust-bottom-margin   vc_custom_1567070494774  vc_custom_1567070494774\"><ul class=\"uavc-list\"><li><div class=\"uavc-list-content\" id=\"list-icon-wrap-2708\">\n<div class=\"uavc-list-icon  \" data-animation=\"\" data-animation-delay=\"03\" style=\"margin-right:10px;\"><div class=\"ult-just-icon-wrapper  \"><div class=\"align-icon\" style=\"text-align:center;\">\n<div class=\"aio-icon none \"  style=\"color:#37669c;font-size:32px;display:inline-block;\">\n\t<i class=\"Defaults-file-pdf-o\"><\/i>\n<\/div><\/div><\/div>\n<\/div><span  data-ultimate-target='#list-icon-wrap-2708 .uavc-list-desc'  data-responsive-json-new='{\"font-size\":\"\",\"line-height\":\"\"}'  class=\"uavc-list-desc ult-responsive\" style=\"\"><a href=\"https:\/\/www.gevacril.com\/docs\/de\/Technische_Eigenschaften.pdf\" target=\"_blank\" rel=\"noopener noreferrer\">Technische Eigenschaften<\/a><\/span><\/div><\/li><\/ul><\/div>[\/vc_column][\/vc_row]<\/p>\n","protected":false},"excerpt":{"rendered":"<p>[vc_row gap=&#8220;20&#8243; equal_height=&#8220;yes&#8220; css_animation=&#8220;fadeIn&#8220; type=&#8220;vc_default&#8220; css=&#8220;.vc_custom_1567069497658{padding-top: 10px !important;padding-right: 25px !important;padding-bottom: 50px !important;padding-left: 25px !important;}&#8220;][vc_column css_animation=&#8220;fadeInDown&#8220; css=&#8220;.vc_custom_1566985846415{padding-top: 0px !important;padding-right: 0px !important;padding-bottom: 0px !important;padding-left: 0px !important;}&#8220;][\/vc_column][vc_column css=&#8220;.vc_custom_1567070869333{margin-left: -25px !important;}&#8220;][vc_single_image source=&#8220;external_link&#8220; external_img_size=&#8220;600&#215;600&#8243; css_animation=&#8220;none&#8220; custom_src=&#8220;https:\/\/www.gevacril.com\/docs\/en\/jpg\/pr_xbq_en.jpg&#8220;][\/vc_column][\/vc_row]<\/p>\n","protected":false},"author":4,"featured_media":0,"parent":0,"menu_order":2,"comment_status":"closed","ping_status":"closed","template":"","meta":{"footnotes":""},"class_list":["post-4398","page","type-page","status-publish","hentry","description-off"],"_links":{"self":[{"href":"https:\/\/www.gevacril.com\/de\/wp-json\/wp\/v2\/pages\/4398","targetHints":{"allow":["GET"]}}],"collection":[{"href":"https:\/\/www.gevacril.com\/de\/wp-json\/wp\/v2\/pages"}],"about":[{"href":"https:\/\/www.gevacril.com\/de\/wp-json\/wp\/v2\/types\/page"}],"author":[{"embeddable":true,"href":"https:\/\/www.gevacril.com\/de\/wp-json\/wp\/v2\/users\/4"}],"replies":[{"embeddable":true,"href":"https:\/\/www.gevacril.com\/de\/wp-json\/wp\/v2\/comments?post=4398"}],"version-history":[{"count":0,"href":"https:\/\/www.gevacril.com\/de\/wp-json\/wp\/v2\/pages\/4398\/revisions"}],"wp:attachment":[{"href":"https:\/\/www.gevacril.com\/de\/wp-json\/wp\/v2\/media?parent=4398"}],"curies":[{"name":"wp","href":"https:\/\/api.w.org\/{rel}","templated":true}]}}