{"id":4474,"date":"2019-09-25T16:26:19","date_gmt":"2019-09-25T14:26:19","guid":{"rendered":"https:\/\/www.gevacril.com\/order-samples\/"},"modified":"2019-09-26T18:25:50","modified_gmt":"2019-09-26T16:25:50","slug":"muster","status":"publish","type":"page","link":"https:\/\/www.gevacril.com\/de\/muster\/","title":{"rendered":"Order Samples"},"content":{"rendered":"<p>[vc_row gap=&#8220;20&#8243; equal_height=&#8220;yes&#8220; css_animation=&#8220;none&#8220; type=&#8220;vc_default&#8220; css=&#8220;.vc_custom_1567787294054{padding-top: 4px !important;padding-right: 25px !important;padding-bottom: 0px !important;padding-left: 25px !important;}&#8220;][vc_column css=&#8220;.vc_custom_1567787181244{padding-top: 0px !important;padding-right: 0px !important;padding-bottom: 0px !important;padding-left: 0px !important;}&#8220;]<div id=\"ultimate-heading-113969ddf24942883\" class=\"uvc-heading ult-adjust-bottom-margin ultimate-heading-113969ddf24942883 uvc-8643 accent-border-color\" data-hspacer=\"line_only\"  data-halign=\"left\" style=\"text-align:left\"><div class=\"uvc-main-heading ult-responsive\"  data-ultimate-target='.uvc-heading.ultimate-heading-113969ddf24942883 h2'  data-responsive-json-new='{\"font-size\":\"desktop:20px;\",\"line-height\":\"desktop:26px;\"}' ><h2 style=\"--font-weight:theme;\">BESTELLEN SIE MUSTER!<\/h2><\/div><div class=\"uvc-heading-spacer line_only\" style=\"margin-bottom:20px;height:1px;\"><span class=\"uvc-headings-line\" style=\"border-style:solid;border-bottom-width:1px;border-color:#ccc;width:autopx;\"><\/span><\/div><div class=\"uvc-sub-heading ult-responsive\"  data-ultimate-target='.uvc-heading.ultimate-heading-113969ddf24942883 .uvc-sub-heading '  data-responsive-json-new='{\"font-size\":\"desktop:14px;\",\"line-height\":\"desktop:20px;\"}'  style=\"font-weight:normal;margin-top:0px;margin-bottom:25px;\">GEVACRIL\u00ae Partnerfirmen und H\u00e4ndler, haben die M\u00f6glichkeit, unsere Musterkollektionen zu einem g\u00fcnstigen Preis (Umkostenbeitrag) f\u00fcr Werbezwecke zu bestellen.<\/div><\/div>[\/vc_column][\/vc_row][vc_row css=&#8220;.vc_custom_1567786014095{margin-right: 0px !important;margin-bottom: 8px !important;}&#8220;][vc_column width=&#8220;1\/5&#8243;][vc_single_image image=&#8220;4258&#8243; style=&#8220;vc_box_shadow_3d&#8220; css_animation=&#8220;fadeIn&#8220;][\/vc_column][vc_column css_animation=&#8220;fadeInRight&#8220; width=&#8220;4\/5&#8243; css=&#8220;.vc_custom_1567784942013{background-color: #f5f5f5 !important;}&#8220;]<div id=\"ultimate-heading-815669ddf24942963\" class=\"uvc-heading ult-adjust-bottom-margin ultimate-heading-815669ddf24942963 uvc-6924 \" data-hspacer=\"no_spacer\"  data-halign=\"center\" style=\"text-align:center\"><div class=\"uvc-heading-spacer no_spacer\" style=\"top\"><\/div><div class=\"uvc-main-heading ult-responsive\"  data-ultimate-target='.uvc-heading.ultimate-heading-815669ddf24942963 h2'  data-responsive-json-new='{\"font-size\":\"desktop:20px;\",\"line-height\":\"desktop:24px;\"}' ><h2 style=\"--font-weight:theme;margin-top:20px;\">ACRYLBOX<\/h2><\/div><div class=\"uvc-sub-heading ult-responsive\"  data-ultimate-target='.uvc-heading.ultimate-heading-815669ddf24942963 .uvc-sub-heading '  data-responsive-json-new='{\"font-size\":\"desktop:14px;\",\"line-height\":\"desktop:20px;\"}'  style=\"font-weight:normal;margin-bottom:25px;\"><br \/>\nDies ist eine allgemeine Zusammenstellung unserer Acrylglas-Produkte, bestehend aus XT-Rohren, GS-Rohren, XT- und GS-St\u00e4ben, FLUOR-ACRYL\u00ae-St\u00e4be, opal und satinierten Rohre. EUR 25,00<br \/>\n<\/div><\/div>[\/vc_column][\/vc_row][vc_row css=&#8220;.vc_custom_1567786020914{margin-right: -25px !important;margin-bottom: 8px !important;margin-left: 0px !important;}&#8220;][vc_column css_animation=&#8220;fadeInLeft&#8220; width=&#8220;4\/5&#8243; css=&#8220;.vc_custom_1567783757347{background-color: #f5f5f5 !important;}&#8220;]<div id=\"ultimate-heading-966969ddf24942a01\" class=\"uvc-heading ult-adjust-bottom-margin ultimate-heading-966969ddf24942a01 uvc-7169 \" data-hspacer=\"no_spacer\"  data-halign=\"center\" style=\"text-align:center\"><div class=\"uvc-heading-spacer no_spacer\" style=\"top\"><\/div><div class=\"uvc-main-heading ult-responsive\"  data-ultimate-target='.uvc-heading.ultimate-heading-966969ddf24942a01 h2'  data-responsive-json-new='{\"font-size\":\"desktop:20px;\",\"line-height\":\"desktop:24px;\"}' ><h2 style=\"--font-weight:theme;margin-top:20px;\">ACRYLBAG<\/h2><\/div><div class=\"uvc-sub-heading ult-responsive\"  data-ultimate-target='.uvc-heading.ultimate-heading-966969ddf24942a01 .uvc-sub-heading '  data-responsive-json-new='{\"font-size\":\"desktop:14px;\",\"line-height\":\"desktop:20px;\"}'  style=\"font-weight:normal;margin-bottom:25px;\"><br \/>\nP\u00e4ckchen bestehend aus XT Rund- und Halbrundst\u00e4be, XT Vierkant- und Dreieckst\u00e4be, FLUOR-ACRYL\u00ae-St\u00e4be. EUR 10,00<br \/>\n<\/div><\/div>[\/vc_column][vc_column width=&#8220;1\/5&#8243; css=&#8220;.vc_custom_1567785281877{margin-right: 0px !important;}&#8220;][vc_single_image image=&#8220;3375&#8243; alignment=&#8220;right&#8220; style=&#8220;vc_box_shadow_3d&#8220; css_animation=&#8220;slideInRight&#8220;][\/vc_column][\/vc_row][vc_row css=&#8220;.vc_custom_1567785209177{margin-right: 0px !important;margin-bottom: 50px !important;}&#8220;][vc_column width=&#8220;1\/5&#8243;][vc_single_image image=&#8220;2987&#8243; style=&#8220;vc_box_shadow_3d&#8220; css_animation=&#8220;slideInLeft&#8220;][\/vc_column][vc_column css_animation=&#8220;fadeInRight&#8220; width=&#8220;4\/5&#8243; css=&#8220;.vc_custom_1567783767670{background-color: #f5f5f5 !important;}&#8220;]<div id=\"ultimate-heading-784669ddf24942a96\" class=\"uvc-heading ult-adjust-bottom-margin ultimate-heading-784669ddf24942a96 uvc-4306 \" data-hspacer=\"no_spacer\"  data-halign=\"center\" style=\"text-align:center\"><div class=\"uvc-heading-spacer no_spacer\" style=\"top\"><\/div><div class=\"uvc-main-heading ult-responsive\"  data-ultimate-target='.uvc-heading.ultimate-heading-784669ddf24942a96 h2'  data-responsive-json-new='{\"font-size\":\"desktop:20px;\",\"line-height\":\"desktop:24px;\"}' ><h2 style=\"--font-weight:theme;margin-top:20px;\">PROFILE<\/h2><\/div><div class=\"uvc-sub-heading ult-responsive\"  data-ultimate-target='.uvc-heading.ultimate-heading-784669ddf24942a96 .uvc-sub-heading '  data-responsive-json-new='{\"font-size\":\"desktop:14px;\",\"line-height\":\"desktop:20px;\"}'  style=\"font-weight:normal;margin-bottom:25px;\"><br \/>\nP\u00e4ckchen bestehend aus verschiedenen H-, U-, L- PMMA SZ Profile, matt.<\/p>\n<p>EUR 5,00<br \/>\n<\/div><\/div>[\/vc_column][\/vc_row]<\/p>\n","protected":false},"excerpt":{"rendered":"<p>[vc_row gap=&#8220;20&#8243; equal_height=&#8220;yes&#8220; css_animation=&#8220;none&#8220; type=&#8220;vc_default&#8220; css=&#8220;.vc_custom_1567787294054{padding-top: 4px !important;padding-right: 25px !important;padding-bottom: 0px !important;padding-left: 25px !important;}&#8220;][vc_column css=&#8220;.vc_custom_1567787181244{padding-top: 0px !important;padding-right: 0px !important;padding-bottom: 0px !important;padding-left: 0px !important;}&#8220;][\/vc_column][\/vc_row][vc_row css=&#8220;.vc_custom_1567786014095{margin-right: 0px !important;margin-bottom: 8px !important;}&#8220;][vc_column width=&#8220;1\/5&#8243;][vc_single_image image=&#8220;4258&#8243; style=&#8220;vc_box_shadow_3d&#8220; css_animation=&#8220;fadeIn&#8220;][\/vc_column][vc_column css_animation=&#8220;fadeInRight&#8220; width=&#8220;4\/5&#8243; css=&#8220;.vc_custom_1567784942013{background-color: #f5f5f5 !important;}&#8220;][\/vc_column][\/vc_row][vc_row css=&#8220;.vc_custom_1567786020914{margin-right: -25px !important;margin-bottom: 8px !important;margin-left: 0px !important;}&#8220;][vc_column css_animation=&#8220;fadeInLeft&#8220; width=&#8220;4\/5&#8243; css=&#8220;.vc_custom_1567783757347{background-color: #f5f5f5 !important;}&#8220;][\/vc_column][vc_column width=&#8220;1\/5&#8243; css=&#8220;.vc_custom_1567785281877{margin-right: 0px !important;}&#8220;][vc_single_image image=&#8220;3375&#8243; alignment=&#8220;right&#8220;&hellip;<\/p>\n","protected":false},"author":1,"featured_media":0,"parent":0,"menu_order":2,"comment_status":"closed","ping_status":"closed","template":"","meta":{"footnotes":""},"class_list":["post-4474","page","type-page","status-publish","hentry","description-off"],"_links":{"self":[{"href":"https:\/\/www.gevacril.com\/de\/wp-json\/wp\/v2\/pages\/4474","targetHints":{"allow":["GET"]}}],"collection":[{"href":"https:\/\/www.gevacril.com\/de\/wp-json\/wp\/v2\/pages"}],"about":[{"href":"https:\/\/www.gevacril.com\/de\/wp-json\/wp\/v2\/types\/page"}],"author":[{"embeddable":true,"href":"https:\/\/www.gevacril.com\/de\/wp-json\/wp\/v2\/users\/1"}],"replies":[{"embeddable":true,"href":"https:\/\/www.gevacril.com\/de\/wp-json\/wp\/v2\/comments?post=4474"}],"version-history":[{"count":0,"href":"https:\/\/www.gevacril.com\/de\/wp-json\/wp\/v2\/pages\/4474\/revisions"}],"wp:attachment":[{"href":"https:\/\/www.gevacril.com\/de\/wp-json\/wp\/v2\/media?parent=4474"}],"curies":[{"name":"wp","href":"https:\/\/api.w.org\/{rel}","templated":true}]}}