{"id":4477,"date":"2019-09-25T16:42:41","date_gmt":"2019-09-25T14:42:41","guid":{"rendered":"https:\/\/www.gevacril.com\/standards\/"},"modified":"2023-09-11T12:08:04","modified_gmt":"2023-09-11T10:08:04","slug":"standards","status":"publish","type":"page","link":"https:\/\/www.gevacril.com\/de\/standards\/","title":{"rendered":"Standards"},"content":{"rendered":"<p>[vc_row gap=&#8220;20&#8243; equal_height=&#8220;yes&#8220; css_animation=&#8220;fadeInDown&#8220; type=&#8220;vc_default&#8220; css=&#8220;.vc_custom_1535374397797{padding-top: 50px !important;padding-right: 25px !important;padding-bottom: 50px !important;padding-left: 25px !important;}&#8220;][vc_column css=&#8220;.vc_custom_1526543733823{padding-top: 0px !important;padding-right: 0px !important;padding-bottom: 0px !important;padding-left: 0px !important;}&#8220;]<div id=\"ultimate-heading-98969d5718e7e6ce\" class=\"uvc-heading ult-adjust-bottom-margin ultimate-heading-98969d5718e7e6ce uvc-9127 accent-border-color\" data-hspacer=\"line_only\"  data-halign=\"left\" style=\"text-align:left\"><div class=\"uvc-main-heading ult-responsive\"  data-ultimate-target='.uvc-heading.ultimate-heading-98969d5718e7e6ce h2'  data-responsive-json-new='{\"font-size\":\"desktop:22px;\",\"line-height\":\"desktop:26px;\"}' ><h2 style=\"--font-weight:theme;\">STANDARDS<\/h2><\/div><div class=\"uvc-heading-spacer line_only\" style=\"margin-bottom:20px;height:1px;\"><span class=\"uvc-headings-line\" style=\"border-style:solid;border-bottom-width:1px;border-color:#ccc;width:autopx;\"><\/span><\/div><div class=\"uvc-sub-heading ult-responsive\"  data-ultimate-target='.uvc-heading.ultimate-heading-98969d5718e7e6ce .uvc-sub-heading '  data-responsive-json-new='{\"font-size\":\"desktop:14px;\",\"line-height\":\"desktop:20px;\"}'  style=\"font-weight:normal;margin-bottom:25px;\">Da unsere Marktpolitik darauf ausgerichtet ist, die Bed\u00fcrfnisse unserer Kunden zu 100 Prozent zu erf\u00fcllen, hat Gevacril enorme Anstrengungen unternommen, um jeden einzelnen Prozess bei der Herstellung seiner Produkte zu verbessern. DIN (Deutsches Institut f\u00fcr Normung) und ASTM (American Society for Testing and Materials) sind die international bekanntesten Normungsinstitute. Sie verf\u00fcgen \u00fcber eine langj\u00e4hrige Erfahrung auf dem Gebiet der Kunststoffprodukte und f\u00fchren Pr\u00fcfungen auf der Grundlage einer Reihe von Standardvorschriften durch, denen alle Produkte entsprechen m\u00fcssen, um eine gute Marktqualit\u00e4t zu erreichen. Wir wissen, dass unsere Produkte die von diesen beiden Instituten festgelegten Normen vollst\u00e4ndig erf\u00fcllen. Um Ihnen jedoch den Herstellungsprozess zu zeigen, der zu unserer hervorragenden Qualit\u00e4t f\u00fchrt, haben wir uns entschlossen, Ihnen alle notwendigen Informationen zur Verf\u00fcgung zu stellen. Das Ergebnis dieses Prozesses ist die Einf\u00fchrung unseres Qualit\u00e4tssystems (QDS) f\u00fcr alle Gevacril-Produkte. Hinzu kommen Dutzende von Zertifizierungen und Zulassungen sowie ein Dokument, das unser Engagement f\u00fcr eine nachhaltige Wirtschaft bescheinigt.<\/div><\/div>[\/vc_column][vc_column width=&#8220;1\/3&#8243;]<div id=\"ultimate-heading-282169d5718e7e7a3\" class=\"uvc-heading ult-adjust-bottom-margin ultimate-heading-282169d5718e7e7a3 uvc-4539 \" data-hspacer=\"no_spacer\"  data-halign=\"left\" style=\"text-align:left\"><div class=\"uvc-heading-spacer no_spacer\" style=\"top\"><\/div><div class=\"uvc-main-heading ult-responsive\"  data-ultimate-target='.uvc-heading.ultimate-heading-282169d5718e7e7a3 h2'  data-responsive-json-new='{\"font-size\":\"desktop:20px;\",\"line-height\":\"desktop:24px;\"}' ><h2 style=\"--font-weight:theme;margin-bottom:15px;\">Qualit\u00e4tsbeschreibungssystem<\/h2><\/div><div class=\"uvc-sub-heading ult-responsive\"  data-ultimate-target='.uvc-heading.ultimate-heading-282169d5718e7e7a3 .uvc-sub-heading '  data-responsive-json-new='{\"font-size\":\"desktop:14px;\",\"line-height\":\"desktop:20px;\"}'  style=\"font-weight:normal;margin-bottom:20px;\">DIN und ASTM sind die renommiertesten Institute f\u00fcr Standardisierung, die auf weit reichende Erfahrungen setzen und mit ihren Tests eine Reihe von Normen f\u00fcr die Standardisierung der Qualit\u00e4t festgelegt haben. Wir wissen, dass alle unsere Produkte die strengen, von beiden Instituten gesetzten Standardnormen erreichen, aber um Ihnen das zu beweisen, haben wir ein QUALIT\u00c4TSBESCHREIBUNGSSYSTEM (QBS) verfasst, dass nach den DIN EN ISO 9001 verarbeitet ist: jedes Produkt muss mehrere strenge Qualit\u00e4tskontrollen passieren, bevor die Qualit\u00e4t genehmigt wird.<\/p>\n<p>Des Weiteren entsprechen unsere Acrylglas Halbzeugsprodukte aus PMMA den LEBENSMITTELRICHTLINIEN, COMMISSION DIRECTIVE 90\/128\/EEC, und den amerikanischen FDA REGULATION 21 CFR \u00a7 177.1010, welche in \u00dcbereinstimmung mit den Vorschriften der Plastiklieferanten \u00fcberarbeitet wurde.<\/p>\n<p><a href=\"https:\/\/www.gevacril.com\/docs\/de\/downloads\/safetydataXT_en.pdf\" target=\"_blank\" rel=\"noopener noreferrer\">Sicherheitsdatenblatt XT Produkte<\/a><\/p>\n<p><a href=\"https:\/\/www.gevacril.com\/docs\/de\/downloads\/safetydataGS_en.pdf\" target=\"_blank\" rel=\"noopener noreferrer\">Sicherheitsdatenblatt GS Produkte<\/a><\/p>\n<p><a href=\"https:\/\/www.gevacril.com\/docs\/de\/downloads\/safetydataPC_en.pdf\" target=\"_blank\" rel=\"noopener noreferrer\">Sicherheitsdatenblatt PC Produkte<\/a><\/div><\/div>[\/vc_column][vc_column width=&#8220;1\/3&#8243;]<div id=\"ultimate-heading-853069d5718e7e847\" class=\"uvc-heading ult-adjust-bottom-margin ultimate-heading-853069d5718e7e847 uvc-4445 \" data-hspacer=\"no_spacer\"  data-halign=\"center\" style=\"text-align:center\"><div class=\"uvc-heading-spacer no_spacer\" style=\"top\"><\/div><div class=\"uvc-main-heading ult-responsive\"  data-ultimate-target='.uvc-heading.ultimate-heading-853069d5718e7e847 h2'  data-responsive-json-new='{\"font-size\":\"desktop:20px;\",\"line-height\":\"desktop:24px;\"}' ><h2 style=\"--font-weight:theme;margin-bottom:15px;\">Zulassungen und Zertifikate<\/h2><\/div><div class=\"uvc-sub-heading ult-responsive\"  data-ultimate-target='.uvc-heading.ultimate-heading-853069d5718e7e847 .uvc-sub-heading '  data-responsive-json-new='{\"font-size\":\"desktop:14px;\",\"line-height\":\"desktop:20px;\"}'  style=\"font-weight:normal;margin-bottom:20px;\"><\/p>\n<p style=\"text-align: left;\">Die Qualit\u00e4t der gevacril-Produkte wird durch Dutzende von Zulassungen und Zertifikaten garantiert, die wir auf Anfrage zur Verf\u00fcgung stellen k\u00f6nnen:<\/p>\n<p style=\"text-align: left;\">Antislavery &amp; Human Trafficking<br \/>\nAnimal or Human derived materials Statement<br \/>\nCertificate of Conformity<br \/>\nCertificate of Origin<br \/>\nCLP Regulation<br \/>\nConflict Mineral Sources Statement (US Dodd-Frank Act)<br \/>\nDOT (di organic tin compounds) &#8211; Statement<br \/>\nFood approval \u2013 FDA \u2013 NSF<br \/>\nLong Term Declaration<br \/>\nNano Particles Statement<br \/>\nPersistent Organic Pollutants Statement<br \/>\nREACH with SVHC Statement<br \/>\nRoHS III directive<br \/>\nPBT Statement &amp; TSCA Declaration<br \/>\nAsbestos\/Dioxins; Bisphenol; Cobalt Statements<br \/>\nHeavy Metal Statement \/ Conflict Minerals<br \/>\nPOP Regulation Statement<br \/>\nPFAS Statement<br \/>\nPhthalate Statement<br \/>\nTSE \/ BSE Statement<br \/>\nLast but not least: La seguente tabella offre una veduta d&#8217;insieme della classificazione di reazione al fuoco ai fini della prevenzione incendi:<\/p>\n<p style=\"text-align: left;\">Last but not least, die folgende Tabelle gibt einen \u00dcberblick \u00fcber die Brandklassifizierung f\u00fcr Zwecke der Brandvermeidung:<\/p>\n<p><\/div><\/div>[vc_single_image image=&#8220;3444&#8243; img_size=&#8220;full&#8220; add_caption=&#8220;yes&#8220; onclick=&#8220;link_image&#8220;][\/vc_column][vc_column width=&#8220;1\/3&#8243;]<div id=\"ultimate-heading-604969d5718e7e963\" class=\"uvc-heading ult-adjust-bottom-margin ultimate-heading-604969d5718e7e963 uvc-3726 \" data-hspacer=\"no_spacer\"  data-halign=\"left\" style=\"text-align:left\"><div class=\"uvc-heading-spacer no_spacer\" style=\"top\"><\/div><div class=\"uvc-main-heading ult-responsive\"  data-ultimate-target='.uvc-heading.ultimate-heading-604969d5718e7e963 h2'  data-responsive-json-new='{\"font-size\":\"desktop:20px;\",\"line-height\":\"desktop:24px;\"}' ><h2 style=\"--font-weight:theme;margin-bottom:15px;\">Umwelt und Recyclyng<\/h2><\/div><div class=\"uvc-sub-heading ult-responsive\"  data-ultimate-target='.uvc-heading.ultimate-heading-604969d5718e7e963 .uvc-sub-heading '  data-responsive-json-new='{\"font-size\":\"desktop:14px;\",\"line-height\":\"desktop:20px;\"}'  style=\"font-weight:normal;margin-bottom:20px;\">Der <a href=\"https:\/\/commission.europa.eu\/strategy-and-policy\/priorities-2019-2024\/european-green-deal_en\">Europ\u00e4ische Green Deal<\/a> ist Europas Fahrplan, um die EG-Wirtschaft nachhaltig zu gestalten. Dies wird geschehen, indem Klima- und Umweltherausforderungen in wirtschaftliche Chancen umgewandelt werden. Wir bei Gevacril Acrylics sind fest davon \u00fcberzeugt, dass wir einen Beitrag zu diesem Wandel leisten k\u00f6nnen, und sind uns unserer sozialen Verantwortung und unserer Verantwortung gegen\u00fcber k\u00fcnftigen Generationen bewusst.<\/p>\n<p>Die Acryl-Halbzeuge von Gevacril werden zur Herstellung hochwertiger, langlebiger Artikel (Long Life Cycle) verwendet. Sie sind daher umweltfreundlich und werden nicht in die Umwelt entsorgt, sondern mechanisch oder chemisch recycelt und zu 100 Prozent wiederverwendet.<\/p>\n<p>Im Jahr 2020 brachte GEVACRIL\u00ae die <a href=\"https:\/\/www.gevacril.com\/de\/rohre-cleansky\/\">Clean-Sky\u00ae-Rohre<\/a> auf den Markt, Rohre aus 100 % recyceltem MMA. Nach jahrelanger Forschung und Entwicklung und Investitionen in eine neue Polymerisationsanlage ist Gevacril\u00ae &#8211; als erstes Unternehmen weltweit, das diese Art von Produkten anbietet &#8211; in der Lage, ein zu 100 % recyceltes Methacrylatharz herzustellen und eine Produktpalette anzubieten, die qualitativ identisch wie die Standard GS Acrylglas-Rohre ist.<\/p>\n<p>Die Produktion von 100 Prozent recycelten Materialien erm\u00f6glicht es, den Abfall und den Ausschuss von Acryl-Halbzeugen auf Null zu reduzieren, den CO2-Aussto\u00df deutlich zu verringern und den Lebenszyklus (LLC) unserer Produkte auf die sogenannte Kreislaufwirtschaft anzustreben.<\/p>\n<p>Im Jahr 2023 investiert Gevacril Acrylics in eine Photovoltaikanlage zur Erzeugung von ca. 200000 KWh\/Jahr an erneuerbarer Energie. Die Inbetriebnahme dieser Anlage wird eine nahezu kohlenstoffneutrale Produktion der <a href=\"https:\/\/www.gevacril.com\/de\/rohre-cleansky\/\">Clean-Sky\u00ae Rohre<\/a> und der <a href=\"https:\/\/www.gevacril.com\/de\/rohre-xt\/\">Extrusionslinien f\u00fcr Acrylglasrohre<\/a> und <a href=\"https:\/\/www.gevacril.com\/de\/rundstaebe\/\">-st\u00e4be<\/a> erm\u00f6glichen.<\/p>\n<p>Die Vereinten Nationen haben in ihrem 1987 ver\u00f6ffentlichten Dossier das Konzept der &#8222;nachhaltigen Entwicklung&#8220; eingef\u00fchrt, d. h. einer Entwicklung, die die Bed\u00fcrfnisse der Gegenwart befriedigt, ohne die F\u00e4higkeit k\u00fcnftiger Generationen zu gef\u00e4hrden, ihre eigenen Bed\u00fcrfnisse zu befriedigen. Die Unternehmensphilosophie von Gevacril Acrylics basiert auf Professionalit\u00e4t, Qualit\u00e4t und Zuverl\u00e4ssigkeit, aber auch auf nachhaltigem Wirtschaften ohne Verschwendung von Ressourcen und mit minimalen Auswirkungen auf die Umwelt.<\/div><\/div>[\/vc_column][\/vc_row]<\/p>\n","protected":false},"excerpt":{"rendered":"<p>[vc_row gap=&#8220;20&#8243; equal_height=&#8220;yes&#8220; css_animation=&#8220;fadeInDown&#8220; type=&#8220;vc_default&#8220; css=&#8220;.vc_custom_1535374397797{padding-top: 50px !important;padding-right: 25px !important;padding-bottom: 50px !important;padding-left: 25px !important;}&#8220;][vc_column css=&#8220;.vc_custom_1526543733823{padding-top: 0px !important;padding-right: 0px !important;padding-bottom: 0px !important;padding-left: 0px !important;}&#8220;][\/vc_column][vc_column width=&#8220;1\/3&#8243;][\/vc_column][vc_column width=&#8220;1\/3&#8243;][vc_single_image image=&#8220;3444&#8243; img_size=&#8220;full&#8220; add_caption=&#8220;yes&#8220; onclick=&#8220;link_image&#8220;][\/vc_column][vc_column width=&#8220;1\/3&#8243;][\/vc_column][\/vc_row]<\/p>\n","protected":false},"author":4,"featured_media":0,"parent":0,"menu_order":2,"comment_status":"closed","ping_status":"closed","template":"","meta":{"footnotes":""},"class_list":["post-4477","page","type-page","status-publish","hentry","description-off"],"_links":{"self":[{"href":"https:\/\/www.gevacril.com\/de\/wp-json\/wp\/v2\/pages\/4477","targetHints":{"allow":["GET"]}}],"collection":[{"href":"https:\/\/www.gevacril.com\/de\/wp-json\/wp\/v2\/pages"}],"about":[{"href":"https:\/\/www.gevacril.com\/de\/wp-json\/wp\/v2\/types\/page"}],"author":[{"embeddable":true,"href":"https:\/\/www.gevacril.com\/de\/wp-json\/wp\/v2\/users\/4"}],"replies":[{"embeddable":true,"href":"https:\/\/www.gevacril.com\/de\/wp-json\/wp\/v2\/comments?post=4477"}],"version-history":[{"count":8,"href":"https:\/\/www.gevacril.com\/de\/wp-json\/wp\/v2\/pages\/4477\/revisions"}],"predecessor-version":[{"id":5340,"href":"https:\/\/www.gevacril.com\/de\/wp-json\/wp\/v2\/pages\/4477\/revisions\/5340"}],"wp:attachment":[{"href":"https:\/\/www.gevacril.com\/de\/wp-json\/wp\/v2\/media?parent=4477"}],"curies":[{"name":"wp","href":"https:\/\/api.w.org\/{rel}","templated":true}]}}