{"id":5089,"date":"2020-06-22T16:56:01","date_gmt":"2020-06-22T14:56:01","guid":{"rendered":"https:\/\/www.gevacril.com\/?page_id=5089"},"modified":"2020-06-22T17:07:06","modified_gmt":"2020-06-22T15:07:06","slug":"rohre-cleansky","status":"publish","type":"page","link":"https:\/\/www.gevacril.com\/de\/rohre-cleansky\/","title":{"rendered":"Rohre-Clean-Sky"},"content":{"rendered":"<p>[vc_row gap=&#8220;20&#8243; equal_height=&#8220;yes&#8220; css_animation=&#8220;fadeIn&#8220; type=&#8220;vc_default&#8220; css=&#8220;.vc_custom_1567069497658{padding-top: 10px !important;padding-right: 25px !important;padding-bottom: 50px !important;padding-left: 25px !important;}&#8220;][vc_column css_animation=&#8220;fadeInDown&#8220; css=&#8220;.vc_custom_1566985846415{padding-top: 0px !important;padding-right: 0px !important;padding-bottom: 0px !important;padding-left: 0px !important;}&#8220;]<div id=\"ultimate-heading-390069f269122a96b\" class=\"uvc-heading ult-adjust-bottom-margin ultimate-heading-390069f269122a96b uvc-8196 accent-border-color\" data-hspacer=\"line_only\"  data-halign=\"left\" style=\"text-align:left\"><div class=\"uvc-main-heading ult-responsive\"  data-ultimate-target='.uvc-heading.ultimate-heading-390069f269122a96b h2'  data-responsive-json-new='{\"font-size\":\"desktop:20px;\",\"line-height\":\"desktop:24px;\"}' ><h2 style=\"--font-weight:theme;\">Clean-Sky\u00ae r-MMA Rohre<\/h2><\/div><div class=\"uvc-heading-spacer line_only\" style=\"margin-bottom:20px;height:1px;\"><span class=\"uvc-headings-line\" style=\"border-style:solid;border-bottom-width:1px;border-color:#ccc;width:autopx;\"><\/span><\/div><div class=\"uvc-sub-heading ult-responsive\"  data-ultimate-target='.uvc-heading.ultimate-heading-390069f269122a96b .uvc-sub-heading '  data-responsive-json-new='{\"font-size\":\"desktop:14px;\",\"line-height\":\"desktop:20px;\"}'  style=\"font-weight:normal;margin-bottom:10px;\">Der European Green Deal ist Europas Fahrplan f\u00fcr eine nachhaltige Wirtschaft der EU. Dies wird geschehen, indem Klima- und Umweltherausforderungen in Chancen verwandelt werden.<br \/>\nWir bei Gevacril Acrylics\u00ae sind fest davon \u00fcberzeugt, dass wir einen Beitrag zu dieser \u00c4nderung leisten k\u00f6nnen: Die neuen Clean-Sky\u00ae Cast-r-MMA-Rohre sind gegossene Acrylrohre, die aus 100% recyceltem MMA hergestellt werden. Nach Jahren der Forschung und Entwicklung, der Investition in einer neuen Polymerisationsstation, ist Gevacril\u00ae in der Lage, ein 100% Recyclings-MMA herstellen, und somit eine umfangreiche Produktpalette von mehr als 120 Rohre in 5 verschiedenen Dicken anbieten k\u00f6nnen.<br \/>\nClean-Sky\u00ae Cast r-MMA-Rohre sind 100% recycelte und recycelbare PMMA-Rohre, die folgende Vorteile aufweisen:<br \/>\n\u2022\u00a0 Gleiche technische Merkmale wie Standard GS<br \/>\n\u2022\u00a0 100% recyceltes MMA bedeutet weniger Abfall und weniger CO2<br \/>\n\u2022\u00a0 Wiederverwendbar, recycelbar, nachhaltig<br \/>\n\u2022\u00a0 Circle Economy-konform<br \/>\n\u2022\u00a0 ROHS3-konform<br \/>\n\u2022\u00a0 Kann \u201elebensmittelkonform\u201c hergestellt werden<br \/>\n\u2022\u00a0 Green Deal Innovationsaffin<\/div><\/div>[\/vc_column][vc_column css=&#8220;.vc_custom_1567070869333{margin-left: -25px !important;}&#8220;][vc_single_image source=&#8220;external_link&#8220; external_img_size=&#8220;600&#215;600&#8243; css_animation=&#8220;none&#8220; custom_src=&#8220;https:\/\/www.gevacril.com\/docs\/en\/jpg\/pr_cst_en.jpg&#8220;]<div class=\"uavc-list-icon uavc-list-icon-wrapper ult-adjust-bottom-margin   vc_custom_1567070494774  vc_custom_1567070494774\"><ul class=\"uavc-list\"><li><div class=\"uavc-list-content\" id=\"list-icon-wrap-2524\">\n<div class=\"uavc-list-icon  \" data-animation=\"\" data-animation-delay=\"03\" style=\"margin-right:10px;\"><div class=\"ult-just-icon-wrapper  \"><div class=\"align-icon\" style=\"text-align:center;\">\n<div class=\"aio-icon none \"  style=\"color:#37669c;font-size:32px;display:inline-block;\">\n\t<i class=\"Defaults-file-pdf-o\"><\/i>\n<\/div><\/div><\/div>\n<\/div><span  data-ultimate-target='#list-icon-wrap-2524 .uavc-list-desc'  data-responsive-json-new='{\"font-size\":\"\",\"line-height\":\"\"}'  class=\"uavc-list-desc ult-responsive\" style=\"\"><a href=\"https:\/\/www.gevacril.com\/docs\/de\/Technische_Eigenschaften.pdf\" target=\"_blank\" rel=\"noopener noreferrer\">Technische_Eigenschaften<\/a><\/span><\/div><\/li><\/ul><\/div>[\/vc_column][\/vc_row]<\/p>\n","protected":false},"excerpt":{"rendered":"<p>[vc_row gap=&#8220;20&#8243; equal_height=&#8220;yes&#8220; css_animation=&#8220;fadeIn&#8220; type=&#8220;vc_default&#8220; css=&#8220;.vc_custom_1567069497658{padding-top: 10px !important;padding-right: 25px !important;padding-bottom: 50px !important;padding-left: 25px !important;}&#8220;][vc_column css_animation=&#8220;fadeInDown&#8220; css=&#8220;.vc_custom_1566985846415{padding-top: 0px !important;padding-right: 0px !important;padding-bottom: 0px !important;padding-left: 0px !important;}&#8220;][\/vc_column][vc_column css=&#8220;.vc_custom_1567070869333{margin-left: -25px !important;}&#8220;][vc_single_image source=&#8220;external_link&#8220; external_img_size=&#8220;600&#215;600&#8243; css_animation=&#8220;none&#8220; custom_src=&#8220;https:\/\/www.gevacril.com\/docs\/en\/jpg\/pr_cst_en.jpg&#8220;][\/vc_column][\/vc_row]<\/p>\n","protected":false},"author":1,"featured_media":0,"parent":0,"menu_order":2,"comment_status":"closed","ping_status":"closed","template":"","meta":{"footnotes":""},"class_list":["post-5089","page","type-page","status-publish","hentry","description-off"],"_links":{"self":[{"href":"https:\/\/www.gevacril.com\/de\/wp-json\/wp\/v2\/pages\/5089","targetHints":{"allow":["GET"]}}],"collection":[{"href":"https:\/\/www.gevacril.com\/de\/wp-json\/wp\/v2\/pages"}],"about":[{"href":"https:\/\/www.gevacril.com\/de\/wp-json\/wp\/v2\/types\/page"}],"author":[{"embeddable":true,"href":"https:\/\/www.gevacril.com\/de\/wp-json\/wp\/v2\/users\/1"}],"replies":[{"embeddable":true,"href":"https:\/\/www.gevacril.com\/de\/wp-json\/wp\/v2\/comments?post=5089"}],"version-history":[{"count":3,"href":"https:\/\/www.gevacril.com\/de\/wp-json\/wp\/v2\/pages\/5089\/revisions"}],"predecessor-version":[{"id":5114,"href":"https:\/\/www.gevacril.com\/de\/wp-json\/wp\/v2\/pages\/5089\/revisions\/5114"}],"wp:attachment":[{"href":"https:\/\/www.gevacril.com\/de\/wp-json\/wp\/v2\/media?parent=5089"}],"curies":[{"name":"wp","href":"https:\/\/api.w.org\/{rel}","templated":true}]}}