{"id":4796,"date":"2019-11-27T16:34:02","date_gmt":"2019-11-27T15:34:02","guid":{"rendered":"https:\/\/www.gevacril.com\/profili\/"},"modified":"2019-12-17T17:01:11","modified_gmt":"2019-12-17T16:01:11","slug":"profili","status":"publish","type":"page","link":"https:\/\/www.gevacril.com\/it\/profili\/","title":{"rendered":"Profili"},"content":{"rendered":"<p>[vc_row css_animation=&#8221;fadeInDown&#8221; bg_type=&#8221;bg_color&#8221; bg_override=&#8221;ex-full&#8221; type=&#8221;vc_default&#8221; css=&#8221;.vc_custom_1567789488959{padding-top: 14px !important;padding-bottom: 132px !important;}&#8221;][vc_column css=&#8221;.vc_custom_1567787798310{border-radius: 1px !important;}&#8221;]<div id=\"ultimate-heading-435069f4681e7e166\" class=\"uvc-heading ult-adjust-bottom-margin ultimate-heading-435069f4681e7e166 uvc-3711 accent-border-color\" data-hspacer=\"line_only\"  data-halign=\"left\" style=\"text-align:left\"><div class=\"uvc-main-heading ult-responsive\"  data-ultimate-target='.uvc-heading.ultimate-heading-435069f4681e7e166 h2'  data-responsive-json-new='{\"font-size\":\"desktop:22px;\",\"line-height\":\"desktop:26px;\"}' ><h2 style=\"--font-weight:theme;\">PROFILI<\/h2><\/div><div class=\"uvc-heading-spacer line_only\" style=\"margin-top:0px;margin-bottom:20px;height:1px;\"><span class=\"uvc-headings-line\" style=\"border-style:solid;border-bottom-width:1px;border-color:;width:autopx;\"><\/span><\/div><div class=\"uvc-sub-heading ult-responsive\"  data-ultimate-target='.uvc-heading.ultimate-heading-435069f4681e7e166 .uvc-sub-heading '  data-responsive-json-new='{\"font-size\":\"desktop:14px;\",\"line-height\":\"desktop:20px;\"}'  style=\"font-weight:normal;margin-bottom:20px;\">Grazie a quarant&#8217;anni di esperienza nel settore dei semilavorati plastici e ad un costante incremento della tecnologia produttiva, GEVACRIL\u00ae ACRYLICS \u00e8 giunta alla produzione di profili di alta qualit\u00e0. GEVACRIL\u00ae pu\u00f2 offrire oggi una vasta gamma di profili standard in PMMA antiurto a cui si aggiunge la possibilit\u00e0 di produrre profili speciali su richiesta (in PMMA, PMMA antiurto, PC, ABS). La pi\u00f9 moderna tecnologia produttiva abbinata ad una scelta accurata delle materie prime garantiscono l&#8217;eccellente purezza, brillantezza, trasparenza e resistenza dei profili trasparenti GEVACRIL\u00ae.<\/div><\/div><style type=\"text\/css\" data-type=\"the7_shortcodes-inline-css\">.carousel-shortcode.carousel-shortcode-id-8e2591e9dcebbc355d3562861d1d9563.owl-carousel .owl-nav div {\n  width: 36px;\n  height: 36px;\n  border-radius: 500px;\n}\n.dt-arrow-border-on.carousel-shortcode.carousel-shortcode-id-8e2591e9dcebbc355d3562861d1d9563.owl-carousel .owl-nav div:not(:hover):before {\n  border-width: 0px;\n}\n.dt-arrow-hover-border-on.carousel-shortcode.carousel-shortcode-id-8e2591e9dcebbc355d3562861d1d9563.owl-carousel .owl-nav div:hover:after {\n  border-width: 0px;\n}\n.carousel-shortcode.carousel-shortcode-id-8e2591e9dcebbc355d3562861d1d9563.owl-carousel .owl-nav div.owl-prev {\n  top: 50%;\n  transform: translateY(calc(-50% + 0px));\n  left: -45px;\n}\n@media all and (-ms-high-contrast: none) {\n  .carousel-shortcode.carousel-shortcode-id-8e2591e9dcebbc355d3562861d1d9563.owl-carousel .owl-nav div.owl-prev {\n    transform: translateY(-50%);\n    margin-top: 0px;\n  }\n}\n.carousel-shortcode.carousel-shortcode-id-8e2591e9dcebbc355d3562861d1d9563.owl-carousel .owl-nav div.owl-prev i {\n  padding: 0px 0px 0px 0px;\n}\n.carousel-shortcode.carousel-shortcode-id-8e2591e9dcebbc355d3562861d1d9563.owl-carousel .owl-nav div.owl-next {\n  top: 50%;\n  transform: translateY(calc(-50% + 0px));\n  right: -45px;\n}\n@media all and (-ms-high-contrast: none) {\n  .carousel-shortcode.carousel-shortcode-id-8e2591e9dcebbc355d3562861d1d9563.owl-carousel .owl-nav div.owl-next {\n    transform: translateY(-50%);\n    margin-top: 0px;\n  }\n}\n.carousel-shortcode.carousel-shortcode-id-8e2591e9dcebbc355d3562861d1d9563.owl-carousel .owl-nav div.owl-next i {\n  padding: 0px 0px 0px 0px;\n}\n.carousel-shortcode.carousel-shortcode-id-8e2591e9dcebbc355d3562861d1d9563.owl-carousel .owl-nav i {\n  font-size: 18px;\n}\n.carousel-shortcode.carousel-shortcode-id-8e2591e9dcebbc355d3562861d1d9563.owl-carousel .owl-nav div:not(:hover) i,\n.carousel-shortcode.carousel-shortcode-id-8e2591e9dcebbc355d3562861d1d9563.owl-carousel .owl-nav div:not(:hover) i:before {\n  color: #9b9b9b;\n  background: none;\n}\n.carousel-shortcode.carousel-shortcode-id-8e2591e9dcebbc355d3562861d1d9563.owl-carousel .owl-nav div:hover i,\n.carousel-shortcode.carousel-shortcode-id-8e2591e9dcebbc355d3562861d1d9563.owl-carousel .owl-nav div:hover i:before {\n  color: #2260de;\n  background: none;\n}\n.carousel-shortcode.carousel-shortcode-id-8e2591e9dcebbc355d3562861d1d9563 .owl-dots {\n  top: calc(100% + 20px);\n  left: 50%;\n  transform: translateX(calc(-50% + 0px));\n}\n@media all and (-ms-high-contrast: none) {\n  .carousel-shortcode.carousel-shortcode-id-8e2591e9dcebbc355d3562861d1d9563 .owl-dots {\n    transform: translateX(-50%);\n    margin-left: 0px;\n  }\n}\n.carousel-shortcode.carousel-shortcode-id-8e2591e9dcebbc355d3562861d1d9563 .owl-dot {\n  width: 10px;\n  height: 10px;\n  margin: 0 8px;\n}\n@media screen and (max-width: 778px) {\n  .carousel-shortcode.carousel-shortcode-id-8e2591e9dcebbc355d3562861d1d9563.hide-arrows .owl-nav a {\n    display: none;\n  }\n}\n@media screen and (max-width: 778px) {\n  .carousel-shortcode.carousel-shortcode-id-8e2591e9dcebbc355d3562861d1d9563.reposition-arrows .owl-nav .owl-prev {\n    top: 50%;\n    transform: translateY(calc(-50% + 0px));\n    left: 10px;\n  }\n  .carousel-shortcode.carousel-shortcode-id-8e2591e9dcebbc355d3562861d1d9563.reposition-arrows .owl-nav .owl-next {\n    top: 50%;\n    transform: translateY(calc(-50% + 0px));\n    right: 10px;\n  }\n}\n@media screen and (max-width: 778px) and all and (-ms-high-contrast: none) {\n  .carousel-shortcode.carousel-shortcode-id-8e2591e9dcebbc355d3562861d1d9563.reposition-arrows .owl-nav .owl-prev {\n    transform: translateY(-50%);\n    margin-top: 0px;\n  }\n}\n@media screen and (max-width: 778px) and all and (-ms-high-contrast: none) {\n  .carousel-shortcode.carousel-shortcode-id-8e2591e9dcebbc355d3562861d1d9563.reposition-arrows .owl-nav .owl-next {\n    transform: translateY(-50%);\n    margin-top: 0px;\n  }\n}\n<\/style><div class=\"owl-carousel carousel-shortcode dt-owl-carousel-call carousel-shortcode-id-8e2591e9dcebbc355d3562861d1d9563 bullets-small-dot-stroke reposition-arrows arrows-bg-off dt-arrow-border-on dt-arrow-hover-border-on disable-arrows-hover-bg arrows-hover-bg-off  vc_custom_1567676340332 \" data-scroll-mode=\"1\" data-col-num=\"4\" data-wide-col-num=\"4\" data-laptop-col=\"3\" data-h-tablet-columns-num=\"3\" data-v-tablet-columns-num=\"2\" data-phone-columns-num=\"2\" data-auto-height=\"false\" data-col-gap=\"50\" data-stage-padding=\"0\" data-speed=\"1000\" data-autoplay=\"true\" data-autoplay_speed=\"4000\" data-arrows=\"true\" data-bullet=\"false\" data-next-icon=\"icon-ar-011-r\" data-prev-icon=\"icon-ar-011-l\">[vc_row_inner][vc_column_inner][vc_single_image image=&#8221;3722&#8243; img_size=&#8221;134&#215;104&#8243; style=&#8221;vc_box_shadow_3d&#8221; onclick=&#8221;custom_link&#8221; link=&#8221;https:\/\/www.gevacril.com\/it\/profili-l\/&#8221;]<div id=\"ultimate-heading-780669f4681e7e3ef\" class=\"uvc-heading ult-adjust-bottom-margin ultimate-heading-780669f4681e7e3ef uvc-1064 \" data-hspacer=\"no_spacer\"  data-halign=\"left\" style=\"text-align:left\"><div class=\"uvc-heading-spacer no_spacer\" style=\"top\"><\/div><div class=\"uvc-main-heading ult-responsive\"  data-ultimate-target='.uvc-heading.ultimate-heading-780669f4681e7e3ef h3'  data-responsive-json-new='{\"font-size\":\"desktop:20px;\",\"line-height\":\"desktop:26px;\"}' ><h3 style=\"--font-weight:theme;\">Profili a L in PMMA<\/h3><\/div><\/div>[vc_column_text][\/vc_column_text][\/vc_column_inner][\/vc_row_inner][vc_row_inner][vc_column_inner][vc_single_image image=&#8221;2987&#8243; img_size=&#8221;134&#215;104&#8243; style=&#8221;vc_box_shadow_3d&#8221; onclick=&#8221;custom_link&#8221; link=&#8221;https:\/\/www.gevacril.com\/it\/profili-u\/&#8221;]<div id=\"ultimate-heading-689769f4681e7e4aa\" class=\"uvc-heading ult-adjust-bottom-margin ultimate-heading-689769f4681e7e4aa uvc-1490 \" data-hspacer=\"no_spacer\"  data-halign=\"left\" style=\"text-align:left\"><div class=\"uvc-heading-spacer no_spacer\" style=\"top\"><\/div><div class=\"uvc-main-heading ult-responsive\"  data-ultimate-target='.uvc-heading.ultimate-heading-689769f4681e7e4aa h3'  data-responsive-json-new='{\"font-size\":\"desktop:18px;\",\"line-height\":\"desktop:22px;\"}' ><h3 style=\"--font-weight:theme;\">Profili a U in PMMA<\/h3><\/div><\/div>[vc_column_text][\/vc_column_text][\/vc_column_inner][\/vc_row_inner][vc_row_inner][vc_column_inner][vc_single_image image=&#8221;2987&#8243; img_size=&#8221;134&#215;104&#8243; style=&#8221;vc_box_shadow_3d&#8221; onclick=&#8221;custom_link&#8221; link=&#8221;https:\/\/www.gevacril.com\/it\/profili-ugrip\/&#8221;]<div id=\"ultimate-heading-501569f4681e7e54c\" class=\"uvc-heading ult-adjust-bottom-margin ultimate-heading-501569f4681e7e54c uvc-6723 \" data-hspacer=\"no_spacer\"  data-halign=\"left\" style=\"text-align:left\"><div class=\"uvc-heading-spacer no_spacer\" style=\"top\"><\/div><div class=\"uvc-main-heading ult-responsive\"  data-ultimate-target='.uvc-heading.ultimate-heading-501569f4681e7e54c h3'  data-responsive-json-new='{\"font-size\":\"desktop:18px;\",\"line-height\":\"desktop:22px;\"}' ><h3 style=\"--font-weight:theme;\">Profili U grip in PMMA<\/h3><\/div><\/div>[vc_column_text][\/vc_column_text][\/vc_column_inner][\/vc_row_inner][vc_row_inner][vc_column_inner][vc_single_image image=&#8221;2987&#8243; img_size=&#8221;134&#215;104&#8243; style=&#8221;vc_box_shadow_3d&#8221; onclick=&#8221;custom_link&#8221; link=&#8221;https:\/\/www.gevacril.com\/it\/profili-h\/&#8221;]<div id=\"ultimate-heading-917969f4681e7e5e0\" class=\"uvc-heading ult-adjust-bottom-margin ultimate-heading-917969f4681e7e5e0 uvc-6855 \" data-hspacer=\"no_spacer\"  data-halign=\"left\" style=\"text-align:left\"><div class=\"uvc-heading-spacer no_spacer\" style=\"top\"><\/div><div class=\"uvc-main-heading ult-responsive\"  data-ultimate-target='.uvc-heading.ultimate-heading-917969f4681e7e5e0 h3'  data-responsive-json-new='{\"font-size\":\"desktop:18px;\",\"line-height\":\"desktop:22px;\"}' ><h3 style=\"--font-weight:theme;\">Profili ad H in PMMA<\/h3><\/div><\/div>[vc_column_text][\/vc_column_text][\/vc_column_inner][\/vc_row_inner][vc_row_inner][vc_column_inner][vc_single_image image=&#8221;3708&#8243; img_size=&#8221;134&#215;104&#8243; style=&#8221;vc_box_shadow_3d&#8221; onclick=&#8221;custom_link&#8221; link=&#8221;https:\/\/www.gevacril.com\/it\/profili-pcu\/&#8221;]<div id=\"ultimate-heading-129469f4681e7e68a\" class=\"uvc-heading ult-adjust-bottom-margin ultimate-heading-129469f4681e7e68a uvc-3323 \" data-hspacer=\"no_spacer\"  data-halign=\"left\" style=\"text-align:left\"><div class=\"uvc-heading-spacer no_spacer\" style=\"top\"><\/div><div class=\"uvc-main-heading ult-responsive\"  data-ultimate-target='.uvc-heading.ultimate-heading-129469f4681e7e68a h3'  data-responsive-json-new='{\"font-size\":\"desktop:18px;\",\"line-height\":\"desktop:22px;\"}' ><h3 style=\"--font-weight:theme;\">Profili ad U in PC<\/h3><\/div><\/div>[vc_column_text][\/vc_column_text][\/vc_column_inner][\/vc_row_inner][vc_row_inner][vc_column_inner][vc_single_image image=&#8221;3702&#8243; img_size=&#8221;134&#215;104&#8243; style=&#8221;vc_box_shadow_3d&#8221; onclick=&#8221;custom_link&#8221; link=&#8221;https:\/\/www.gevacril.com\/it\/profili-pch\/&#8221;]<div id=\"ultimate-heading-535769f4681e7e716\" class=\"uvc-heading ult-adjust-bottom-margin ultimate-heading-535769f4681e7e716 uvc-3387 \" data-hspacer=\"no_spacer\"  data-halign=\"left\" style=\"text-align:left\"><div class=\"uvc-heading-spacer no_spacer\" style=\"top\"><\/div><div class=\"uvc-main-heading ult-responsive\"  data-ultimate-target='.uvc-heading.ultimate-heading-535769f4681e7e716 h3'  data-responsive-json-new='{\"font-size\":\"desktop:18px;\",\"line-height\":\"desktop:22px;\"}' ><h3 style=\"--font-weight:theme;\">Profili ad H in PC<\/h3><\/div><\/div>[vc_column_text][\/vc_column_text][\/vc_column_inner][\/vc_row_inner]<\/div>[\/vc_column][\/vc_row]<\/p>\n","protected":false},"excerpt":{"rendered":"<p>[vc_row css_animation=&#8221;fadeInDown&#8221; bg_type=&#8221;bg_color&#8221; bg_override=&#8221;ex-full&#8221; type=&#8221;vc_default&#8221; css=&#8221;.vc_custom_1567789488959{padding-top: 14px !important;padding-bottom: 132px !important;}&#8221;][vc_column css=&#8221;.vc_custom_1567787798310{border-radius: 1px !important;}&#8221;][\/vc_column][\/vc_row]<\/p>\n","protected":false},"author":1,"featured_media":0,"parent":0,"menu_order":0,"comment_status":"closed","ping_status":"closed","template":"","meta":{"footnotes":""},"class_list":["post-4796","page","type-page","status-publish","hentry","description-off"],"_links":{"self":[{"href":"https:\/\/www.gevacril.com\/it\/wp-json\/wp\/v2\/pages\/4796","targetHints":{"allow":["GET"]}}],"collection":[{"href":"https:\/\/www.gevacril.com\/it\/wp-json\/wp\/v2\/pages"}],"about":[{"href":"https:\/\/www.gevacril.com\/it\/wp-json\/wp\/v2\/types\/page"}],"author":[{"embeddable":true,"href":"https:\/\/www.gevacril.com\/it\/wp-json\/wp\/v2\/users\/1"}],"replies":[{"embeddable":true,"href":"https:\/\/www.gevacril.com\/it\/wp-json\/wp\/v2\/comments?post=4796"}],"version-history":[{"count":0,"href":"https:\/\/www.gevacril.com\/it\/wp-json\/wp\/v2\/pages\/4796\/revisions"}],"wp:attachment":[{"href":"https:\/\/www.gevacril.com\/it\/wp-json\/wp\/v2\/media?parent=4796"}],"curies":[{"name":"wp","href":"https:\/\/api.w.org\/{rel}","templated":true}]}}