{"id":4858,"date":"2019-12-09T16:15:46","date_gmt":"2019-12-09T15:15:46","guid":{"rendered":"https:\/\/www.gevacril.com\/standards\/"},"modified":"2023-08-28T12:05:12","modified_gmt":"2023-08-28T10:05:12","slug":"standard","status":"publish","type":"page","link":"https:\/\/www.gevacril.com\/it\/standard\/","title":{"rendered":"Standards"},"content":{"rendered":"<p>[vc_row gap=&#8221;20&#8243; equal_height=&#8221;yes&#8221; css_animation=&#8221;fadeInDown&#8221; type=&#8221;vc_default&#8221; css=&#8221;.vc_custom_1535374397797{padding-top: 50px !important;padding-right: 25px !important;padding-bottom: 50px !important;padding-left: 25px !important;}&#8221;][vc_column css=&#8221;.vc_custom_1526543733823{padding-top: 0px !important;padding-right: 0px !important;padding-bottom: 0px !important;padding-left: 0px !important;}&#8221;]<div id=\"ultimate-heading-176669f5c29e68725\" class=\"uvc-heading ult-adjust-bottom-margin ultimate-heading-176669f5c29e68725 uvc-3102 accent-border-color\" data-hspacer=\"line_only\"  data-halign=\"left\" style=\"text-align:left\"><div class=\"uvc-main-heading ult-responsive\"  data-ultimate-target='.uvc-heading.ultimate-heading-176669f5c29e68725 h2'  data-responsive-json-new='{\"font-size\":\"desktop:22px;\",\"line-height\":\"desktop:26px;\"}' ><h2 style=\"--font-weight:theme;\">STANDARDS DI QUALITA'<\/h2><\/div><div class=\"uvc-heading-spacer line_only\" style=\"margin-bottom:20px;height:1px;\"><span class=\"uvc-headings-line\" style=\"border-style:solid;border-bottom-width:1px;border-color:#ccc;width:autopx;\"><\/span><\/div><div class=\"uvc-sub-heading ult-responsive\"  data-ultimate-target='.uvc-heading.ultimate-heading-176669f5c29e68725 .uvc-sub-heading '  data-responsive-json-new='{\"font-size\":\"desktop:14px;\",\"line-height\":\"desktop:20px;\"}'  style=\"font-weight:normal;margin-bottom:25px;\">Poich\u00e9 la nostra politica di mercato \u00e8 di soddisfare le esigenze dei nostri clienti al 100%, la Gevacril ha fatto degli sforzi enormi per migliorare ogni singolo processo di lavorazione dei suoi prodotti. DIN (Istituto tedesco per la standardizzazione) e ASTM (Societ\u00e0 americana per i test e i materiali) sono gli istituti di standardizzazione pi\u00f9 conosciuti a livello internazionale. Hanno una lunga esperienza nel settore dei prodotti plastici ed eseguono dei test basati su una serie di regolamenti standard che tutti i prodotti devono rispettare per poter raggiungere una buona qualit\u00e0 di mercato.<br \/>\nSappiamo che i nostri articoli rispettano appieno le regole standard stabilite da questi due istituti, tuttavia, per mostrarvi il processo di lavorazione che conduce alla nostra ottima qualit\u00e0, abbiamo deciso di mettervi a disposizione tutte le informazioni necessarie. La conclusione di questo processo \u00e8 la realizzazione del nostro Sistema di\u00a0 Qualit\u00e0 (QDS) per tutti i prodotti di Gevacril\u00ae. A ci\u00f3 si aggiungono decine di certificazioni e approvals, nonch\u00e9 un documento che certifica il nostro impegno verso un\u2019economia sostenibile.<\/div><\/div>[\/vc_column][vc_column width=&#8221;1\/3&#8243;]<div id=\"ultimate-heading-350369f5c29e687f7\" class=\"uvc-heading ult-adjust-bottom-margin ultimate-heading-350369f5c29e687f7 uvc-1193 \" data-hspacer=\"no_spacer\"  data-halign=\"left\" style=\"text-align:left\"><div class=\"uvc-heading-spacer no_spacer\" style=\"top\"><\/div><div class=\"uvc-main-heading ult-responsive\"  data-ultimate-target='.uvc-heading.ultimate-heading-350369f5c29e687f7 h2'  data-responsive-json-new='{\"font-size\":\"desktop:20px;\",\"line-height\":\"desktop:24px;\"}' ><h2 style=\"--font-weight:theme;margin-bottom:15px;\">Sistema di Qualit\u00e0<\/h2><\/div><div class=\"uvc-sub-heading ult-responsive\"  data-ultimate-target='.uvc-heading.ultimate-heading-350369f5c29e687f7 .uvc-sub-heading '  data-responsive-json-new='{\"font-size\":\"desktop:14px;\",\"line-height\":\"desktop:20px;\"}'  style=\"font-weight:normal;margin-bottom:20px;\"><\/p>\n<div>DIN (Istituto tedesco per la normalizzazione) e ASTM (Societ\u00e0 americana per i Test ed i Materiali) sono gli istituti pi\u00f9 conosciuti a livello internazionale per la standardizzazione. I numerosi test condotti da questi istituti rispettano le norme alle quali tutti i prodotti devono conformarsi per imporsi sul mercato tra gli articoli di alta qualit\u00e0. Tutti i prodotti della Gevacril rispettano le regole stabilite da questi due istituti. L&#8217;alta qualit\u00e0 degli articoli della Gevacril \u00e9 inoltre confermata dal SISTEMA DI DESCRIZIONE DELLA QUALIT\u00c0 (QDS) redatto secondo la norma DIN EN ISO 9001: tutti i prodotti devono essere conformi ai criteri di controllo di qualit\u00e0 stabiliti dal sistema di descrizione della qualit\u00e0 (QDS) prima che la loro qualit\u00e0 venga approvata.<\/div>\n<div>Inoltre, tutti i nostri articoli in PMMA sono conformi alla REGOLAMENTAZIONE ALIMENTARE, alle DIRETTIVE DELLA COMMISSIONE EUROPEA 90\/128\/EEC e alla REGOLAMENTAZIONE DELLA FDA (Ente statunitense che regola la commercializzazione di farmaci ed alimenti) 21 CFR \u00a7 177.1010. I nostri articoli sono inoltre conformi alle specifiche del mercato dei prodotti plastici.<\/div>\n<p>&nbsp;<\/p>\n<p><a href=\"https:\/\/www.gevacril.com\/docs\/it\/downloads\/safetydataXT_en.pdf\" target=\"_blank\" rel=\"noopener noreferrer\">Prodotti XT &#8211; Caratteristiche tecniche<\/a><\/p>\n<p><a href=\"https:\/\/www.gevacril.com\/docs\/it\/downloads\/safetydataGS_en.pdf\" target=\"_blank\" rel=\"noopener noreferrer\">Prodotti Colati &#8211; Caratteristiche tecniche<\/a><\/p>\n<p><a href=\"https:\/\/www.gevacril.com\/docs\/it\/downloads\/safetydataPC_en.pdf\" target=\"_blank\" rel=\"noopener noreferrer\">Prodotti in PC &#8211; Caratteristiche tecniche<\/a><\/div><\/div>[\/vc_column][vc_column width=&#8221;1\/3&#8243;]<div id=\"ultimate-heading-910969f5c29e68888\" class=\"uvc-heading ult-adjust-bottom-margin ultimate-heading-910969f5c29e68888 uvc-9255 \" data-hspacer=\"no_spacer\"  data-halign=\"center\" style=\"text-align:center\"><div class=\"uvc-heading-spacer no_spacer\" style=\"top\"><\/div><div class=\"uvc-main-heading ult-responsive\"  data-ultimate-target='.uvc-heading.ultimate-heading-910969f5c29e68888 h2'  data-responsive-json-new='{\"font-size\":\"desktop:20px;\",\"line-height\":\"desktop:24px;\"}' ><h2 style=\"--font-weight:theme;margin-bottom:15px;\">Certificazioni &amp; Approvals<\/h2><\/div><div class=\"uvc-sub-heading ult-responsive\"  data-ultimate-target='.uvc-heading.ultimate-heading-910969f5c29e68888 .uvc-sub-heading '  data-responsive-json-new='{\"font-size\":\"desktop:14px;\",\"line-height\":\"desktop:20px;\"}'  style=\"font-weight:normal;margin-bottom:20px;\"><\/p>\n<p style=\"text-align: left;\">La qualit\u00e1 dei prodotti gevacril \u00e8 garantita da decine di <em>approvals<\/em> e certificati che siamo in grado di fornire a richiesta:<br \/>\nAntislavery &amp; Human Trafficking<br \/>\nAnimal or Human derived materials Statement<br \/>\nCertificate of Conformity<br \/>\nCertificate of Origin<br \/>\nCLP Regulation<br \/>\nConflict Mineral Sources Statement (US Dodd-Frank Act)<br \/>\nDOT (di organic tin compounds) &#8211; Statement<br \/>\nFood approval \u2013 FDA \u2013 NSF<br \/>\nLong Term Declaration<br \/>\nNano Particles Statement<br \/>\nPersistent Organic Pollutants Statement<br \/>\nREACH with SVHC Statement<br \/>\nRoHS III directive<br \/>\nPBT Statement &amp; TSCA Declaration<br \/>\nAsbestos\/Dioxins; Bisphenol; Cobalt Statements<br \/>\nHeavy Metal Statement \/ Conflict Minerals<br \/>\nPOP Regulation Statement<br \/>\nPFAS Statement<br \/>\nPhthalate Statement<br \/>\nTSE \/ BSE Statement<br \/>\nLast but not least: La seguente tabella offre una veduta d&#8217;insieme della classificazione di reazione al fuoco ai fini della prevenzione incendi:<\/p>\n<p><\/div><\/div>[vc_single_image image=&#8221;3444&#8243; img_size=&#8221;full&#8221; add_caption=&#8221;yes&#8221; onclick=&#8221;link_image&#8221;][\/vc_column][vc_column width=&#8221;1\/3&#8243;]<div id=\"ultimate-heading-516169f5c29e68904\" class=\"uvc-heading ult-adjust-bottom-margin ultimate-heading-516169f5c29e68904 uvc-3106 \" data-hspacer=\"no_spacer\"  data-halign=\"left\" style=\"text-align:left\"><div class=\"uvc-heading-spacer no_spacer\" style=\"top\"><\/div><div class=\"uvc-main-heading ult-responsive\"  data-ultimate-target='.uvc-heading.ultimate-heading-516169f5c29e68904 h2'  data-responsive-json-new='{\"font-size\":\"desktop:20px;\",\"line-height\":\"desktop:24px;\"}' ><h2 style=\"--font-weight:theme;margin-bottom:15px;\">Impatto ambientale e sostenibilit\u00e0<\/h2><\/div><div class=\"uvc-sub-heading ult-responsive\"  data-ultimate-target='.uvc-heading.ultimate-heading-516169f5c29e68904 .uvc-sub-heading '  data-responsive-json-new='{\"font-size\":\"desktop:14px;\",\"line-height\":\"desktop:20px;\"}'  style=\"font-weight:normal;margin-bottom:20px;\">Il <a href=\"https:\/\/commission.europa.eu\/strategy-and-policy\/priorities-2019-2024\/european-green-deal_en\">Green Deal europeo<\/a> rappresenta la tabella di marcia dell&#8217;Europa per rendere l&#8217;economia della CE sostenibile. Ci\u00f2 avverr\u00e0 trasformando le sfide climatiche e ambientali in opportunit\u00e0 economiche. Noi di Gevacril Acrylics crediamo fermamente di poter dare un contributo a questo cambiamento e siamo pienamente consapevoli della nostra responsabilit\u00e0 sociale e delle nostre responsabilit\u00e0 nei confronti delle generazioni future.<br \/>\nI semilavorati acrilici della Gevacril Acrylics sono utilizzati per la creazione di articoli d\u2019alta qualit\u00e0 e di lunga durata (Long Life Cicle). Sono pertanto eco-compatibili e non vengono dispersi nell\u2019ambiente bens\u00ec riciclati meccanicamente o chimicamente e riutilizzati al 100%<\/p>\n<p>Nel 2020 la GEVACRIL\u00ae ha introdotto sul mercato i tubi <a href=\"https:\/\/www.gevacril.com\/it\/tubi-cleansky\/\">Clean-Sky\u00ae<\/a>, tubi acrilici prodotti con MMA riciclato al 100%. Dopo anni di ricerca e sviluppo, l&#8217;investimento in una nuova stazione di polimerizzazione, Gevacril\u00ae &#8211; prima azienda al mondo a offrire questo tipo di prodotto &#8211; \u00e8 in grado di produrre una resina in metacrilato riciclato al 100% e offrire una gamma-prodotti qualitativamente identica ai semilavorati prodotti da resina \u201cvergine\u201d.<\/p>\n<p>La produzione di materiali riciclati al 100% permette di ridurre a zero scarti e rifiuti di semilavorati acrilici, di abbattere notevolmente la Co2 e di allungare il ciclo di vita (LLC) dei nostri prodotti per arrivare alla cosiddetta economia circolare.<\/p>\n<p>Nel 2023 Gevacril Acrylics ha investito in un impianto fotovoltaico per la produzione di ca. 200000 KWh\/annui di energia rinnovabile. L\u2019avviamento di tale impianto, permetter\u00e0 una produzione pressoch\u00e9 <em>carbon neutral<\/em> della gamma di <a href=\"https:\/\/www.gevacril.com\/it\/tubi-cleansky\/\">materiali Green<\/a> e per le linee di <a href=\"https:\/\/www.gevacril.com\/it\/tubi-xt\/\">estrusione di tubi<\/a> e <a href=\"https:\/\/www.gevacril.com\/it\/barretonde\/\">barre<\/a> in resina acrilica.<\/p>\n<p>Le Nazioni Unite nel loro dossier pubblicato nel 1987 hanno introdotto il concetto di \u201csviluppo sostenibile\u201d, uno sviluppo che risponda alle esigenze del presente senza compromettere la capacit\u00e0 delle generazioni future di soddisfare i propri fabbisogni. La filosofia aziendale di Gevacril Acrylics si fonda sulla professionalit\u00e0, su qualit\u00e0 e affidabilit\u00e0, ma anche su un\u2019economia sostenibile con zero spreco di risorse e un impatto ambientale minimo.<\/div><\/div>[\/vc_column][\/vc_row]<\/p>\n","protected":false},"excerpt":{"rendered":"<p>[vc_row gap=&#8221;20&#8243; equal_height=&#8221;yes&#8221; css_animation=&#8221;fadeInDown&#8221; type=&#8221;vc_default&#8221; css=&#8221;.vc_custom_1535374397797{padding-top: 50px !important;padding-right: 25px !important;padding-bottom: 50px !important;padding-left: 25px !important;}&#8221;][vc_column css=&#8221;.vc_custom_1526543733823{padding-top: 0px !important;padding-right: 0px !important;padding-bottom: 0px !important;padding-left: 0px !important;}&#8221;][\/vc_column][vc_column width=&#8221;1\/3&#8243;][\/vc_column][vc_column width=&#8221;1\/3&#8243;][vc_single_image image=&#8221;3444&#8243; img_size=&#8221;full&#8221; add_caption=&#8221;yes&#8221; onclick=&#8221;link_image&#8221;][\/vc_column][vc_column width=&#8221;1\/3&#8243;][\/vc_column][\/vc_row]<\/p>\n","protected":false},"author":4,"featured_media":0,"parent":0,"menu_order":2,"comment_status":"closed","ping_status":"closed","template":"","meta":{"footnotes":""},"class_list":["post-4858","page","type-page","status-publish","hentry","description-off"],"_links":{"self":[{"href":"https:\/\/www.gevacril.com\/it\/wp-json\/wp\/v2\/pages\/4858","targetHints":{"allow":["GET"]}}],"collection":[{"href":"https:\/\/www.gevacril.com\/it\/wp-json\/wp\/v2\/pages"}],"about":[{"href":"https:\/\/www.gevacril.com\/it\/wp-json\/wp\/v2\/types\/page"}],"author":[{"embeddable":true,"href":"https:\/\/www.gevacril.com\/it\/wp-json\/wp\/v2\/users\/4"}],"replies":[{"embeddable":true,"href":"https:\/\/www.gevacril.com\/it\/wp-json\/wp\/v2\/comments?post=4858"}],"version-history":[{"count":8,"href":"https:\/\/www.gevacril.com\/it\/wp-json\/wp\/v2\/pages\/4858\/revisions"}],"predecessor-version":[{"id":5329,"href":"https:\/\/www.gevacril.com\/it\/wp-json\/wp\/v2\/pages\/4858\/revisions\/5329"}],"wp:attachment":[{"href":"https:\/\/www.gevacril.com\/it\/wp-json\/wp\/v2\/media?parent=4858"}],"curies":[{"name":"wp","href":"https:\/\/api.w.org\/{rel}","templated":true}]}}